{"id":10174,"date":"2025-01-09T18:04:25","date_gmt":"2025-01-09T23:04:25","guid":{"rendered":"https:\/\/reachlinkdev.wpenginepowered.com\/autoevaluacion\/"},"modified":"2025-11-20T10:14:59","modified_gmt":"2025-11-20T15:14:59","slug":"autocomprobacion","status":"publish","type":"page","link":"https:\/\/reachlink.com\/es\/autocomprobacion\/","title":{"rendered":"Autocomprobaci\u00f3n"},"content":{"rendered":"","protected":false},"excerpt":{"rendered":"","protected":false},"author":2,"featured_media":0,"parent":0,"menu_order":0,"comment_status":"closed","ping_status":"closed","template":"","meta":{"_acf_changed":false,"_sitemap_exclude":false,"_sitemap_priority":"","_sitemap_frequency":"","footnotes":""},"class_list":["post-10174","page","type-page","status-publish","hentry"],"acf":[],"yoast_head":"<!-- This site is optimized with the Yoast SEO Premium plugin v27.3 (Yoast SEO v27.3) - https:\/\/yoast.com\/product\/yoast-seo-premium-wordpress\/ -->\n<title>Autoevaluaciones gratuitas de salud mental | ReachLink<\/title>\n<meta name=\"description\" content=\"Realice autoevaluaciones gratuitas y confidenciales de salud mental en cuesti\u00f3n de minutos. Obtenga informaci\u00f3n personalizada sobre la ansiedad, la depresi\u00f3n, el TEPT y m\u00e1s, adem\u00e1s de orientaci\u00f3n sobre los pr\u00f3ximos pasos.\" \/>\n<meta name=\"robots\" content=\"index, follow, max-snippet:-1, max-image-preview:large, max-video-preview:-1\" \/>\n<link rel=\"canonical\" href=\"https:\/\/reachlink.com\/es\/autocomprobacion\/\" \/>\n<meta property=\"og:locale\" content=\"es_ES\" \/>\n<meta property=\"og:type\" content=\"article\" \/>\n<meta property=\"og:title\" content=\"Autoevaluaciones gratuitas de salud mental | ReachLink\" \/>\n<meta property=\"og:description\" content=\"Realice autoevaluaciones gratuitas y confidenciales de salud mental en cuesti\u00f3n de minutos. Obtenga informaci\u00f3n personalizada sobre la ansiedad, la depresi\u00f3n, el TEPT y m\u00e1s, adem\u00e1s de orientaci\u00f3n sobre los pr\u00f3ximos pasos.\" \/>\n<meta property=\"og:url\" content=\"https:\/\/reachlink.com\/es\/autocomprobacion\/\" \/>\n<meta property=\"og:site_name\" content=\"ReachLink\" \/>\n<meta property=\"article:publisher\" content=\"https:\/\/www.facebook.com\/reachlinkusa\" \/>\n<meta property=\"article:modified_time\" content=\"2025-11-20T15:14:59+00:00\" \/>\n<meta property=\"og:image\" content=\"https:\/\/reachlink.com\/wp-content\/uploads\/2025\/07\/pexels-julia-m-cameron-4144923-scaled-1-1024x684.jpg\" \/>\n<meta name=\"twitter:card\" content=\"summary_large_image\" \/>\n<meta name=\"twitter:title\" content=\"Autoevaluaciones gratuitas de salud mental | ReachLink\" \/>\n<meta name=\"twitter:description\" content=\"Realice autoevaluaciones gratuitas y confidenciales de salud mental en cuesti\u00f3n de minutos. Obtenga informaci\u00f3n personalizada sobre la ansiedad, la depresi\u00f3n, el TEPT y m\u00e1s, adem\u00e1s de orientaci\u00f3n sobre los pr\u00f3ximos pasos.\" \/>\n<meta name=\"twitter:site\" content=\"@reachlinkusa\" \/>\n<!-- \/ Yoast SEO Premium plugin. -->","yoast_head_json":{"title":"Autoevaluaciones gratuitas de salud mental | ReachLink","description":"Realice autoevaluaciones gratuitas y confidenciales de salud mental en cuesti\u00f3n de minutos. Obtenga informaci\u00f3n personalizada sobre la ansiedad, la depresi\u00f3n, el TEPT y m\u00e1s, adem\u00e1s de orientaci\u00f3n sobre los pr\u00f3ximos pasos.","robots":{"index":"index","follow":"follow","max-snippet":"max-snippet:-1","max-image-preview":"max-image-preview:large","max-video-preview":"max-video-preview:-1"},"canonical":"https:\/\/reachlink.com\/es\/autocomprobacion\/","og_locale":"es_ES","og_type":"article","og_title":"Autoevaluaciones gratuitas de salud mental | ReachLink","og_description":"Realice autoevaluaciones gratuitas y confidenciales de salud mental en cuesti\u00f3n de minutos. Obtenga informaci\u00f3n personalizada sobre la ansiedad, la depresi\u00f3n, el TEPT y m\u00e1s, adem\u00e1s de orientaci\u00f3n sobre los pr\u00f3ximos pasos.","og_url":"https:\/\/reachlink.com\/es\/autocomprobacion\/","og_site_name":"ReachLink","article_publisher":"https:\/\/www.facebook.com\/reachlinkusa","article_modified_time":"2025-11-20T15:14:59+00:00","og_image":[{"url":"https:\/\/reachlink.com\/wp-content\/uploads\/2025\/07\/pexels-julia-m-cameron-4144923-scaled-1-1024x684.jpg","type":"","width":"","height":""}],"twitter_card":"summary_large_image","twitter_title":"Autoevaluaciones gratuitas de salud mental | ReachLink","twitter_description":"Realice autoevaluaciones gratuitas y confidenciales de salud mental en cuesti\u00f3n de minutos. Obtenga informaci\u00f3n personalizada sobre la ansiedad, la depresi\u00f3n, el TEPT y m\u00e1s, adem\u00e1s de orientaci\u00f3n sobre los pr\u00f3ximos pasos.","twitter_site":"@reachlinkusa","schema":{"@context":"https:\/\/schema.org","@graph":[{"@type":"WebPage","@id":"https:\/\/reachlink.com\/es\/autocomprobacion\/","url":"https:\/\/reachlink.com\/es\/autocomprobacion\/","name":"Autoevaluaciones gratuitas de salud mental | ReachLink","isPartOf":{"@id":"https:\/\/reachlink.com\/es\/#website"},"datePublished":"2025-01-09T23:04:25+00:00","dateModified":"2025-11-20T15:14:59+00:00","description":"Realice autoevaluaciones gratuitas y confidenciales de salud mental en cuesti\u00f3n de minutos. Obtenga informaci\u00f3n personalizada sobre la ansiedad, la depresi\u00f3n, el TEPT y m\u00e1s, adem\u00e1s de orientaci\u00f3n sobre los pr\u00f3ximos pasos.","breadcrumb":{"@id":"https:\/\/reachlink.com\/es\/autocomprobacion\/#breadcrumb"},"inLanguage":"es","potentialAction":[{"@type":"ReadAction","target":["https:\/\/reachlink.com\/es\/autocomprobacion\/"]}]},{"@type":"BreadcrumbList","@id":"https:\/\/reachlink.com\/es\/autocomprobacion\/#breadcrumb","itemListElement":[{"@type":"ListItem","position":1,"name":"Home","item":"https:\/\/reachlink.com\/es\/"},{"@type":"ListItem","position":2,"name":"Autocomprobaci\u00f3n"}]},{"@type":"WebSite","@id":"https:\/\/reachlink.com\/es\/#website","url":"https:\/\/reachlink.com\/es\/","name":"ReachLink","description":"ReachLink is a behavioral health platform offering innovative and comprehensive mental health care designed to address individual needs, ensure access to the right support and track out comes accurately.","publisher":{"@id":"https:\/\/reachlink.com\/es\/#organization"},"potentialAction":[{"@type":"SearchAction","target":{"@type":"EntryPoint","urlTemplate":"https:\/\/reachlink.com\/es\/?s={search_term_string}"},"query-input":{"@type":"PropertyValueSpecification","valueRequired":true,"valueName":"search_term_string"}}],"inLanguage":"es"},{"@type":"Organization","@id":"https:\/\/reachlink.com\/es\/#organization","name":"ReachLink","url":"https:\/\/reachlink.com\/es\/","logo":{"@type":"ImageObject","inLanguage":"es","@id":"https:\/\/reachlink.com\/es\/#\/schema\/logo\/image\/","url":"https:\/\/reachlink.com\/wp-content\/uploads\/2025\/02\/RL_-2x-1920w-300x74-1.png","contentUrl":"https:\/\/reachlink.com\/wp-content\/uploads\/2025\/02\/RL_-2x-1920w-300x74-1.png","width":300,"height":74,"caption":"ReachLink"},"image":{"@id":"https:\/\/reachlink.com\/es\/#\/schema\/logo\/image\/"},"sameAs":["https:\/\/www.facebook.com\/reachlinkusa","https:\/\/x.com\/reachlinkusa","https:\/\/www.instagram.com\/reachlinkusa","https:\/\/www.linkedin.com\/company\/reachlinkusa\/"],"email":"hello@reachlink.com","telephone":"833-732-2489"}]}},"_links":{"self":[{"href":"https:\/\/reachlink.com\/es\/wp-json\/wp\/v2\/pages\/10174","targetHints":{"allow":["GET"]}}],"collection":[{"href":"https:\/\/reachlink.com\/es\/wp-json\/wp\/v2\/pages"}],"about":[{"href":"https:\/\/reachlink.com\/es\/wp-json\/wp\/v2\/types\/page"}],"author":[{"embeddable":true,"href":"https:\/\/reachlink.com\/es\/wp-json\/wp\/v2\/users\/2"}],"replies":[{"embeddable":true,"href":"https:\/\/reachlink.com\/es\/wp-json\/wp\/v2\/comments?post=10174"}],"version-history":[{"count":0,"href":"https:\/\/reachlink.com\/es\/wp-json\/wp\/v2\/pages\/10174\/revisions"}],"wp:attachment":[{"href":"https:\/\/reachlink.com\/es\/wp-json\/wp\/v2\/media?parent=10174"}],"curies":[{"name":"wp","href":"https:\/\/api.w.org\/{rel}","templated":true}]}}