{"id":10090,"date":"2025-02-19T16:21:56","date_gmt":"2025-02-19T21:21:56","guid":{"rendered":"https:\/\/reachlinkdev.wpenginepowered.com\/contacto-y-soporte\/"},"modified":"2025-02-19T16:21:56","modified_gmt":"2025-02-19T21:21:56","slug":"contacto-y-soporte","status":"publish","type":"page","link":"https:\/\/reachlink.com\/es\/contacto-y-soporte\/","title":{"rendered":"Contacto y soporte"},"content":{"rendered":"","protected":false},"excerpt":{"rendered":"","protected":false},"author":2,"featured_media":0,"parent":0,"menu_order":0,"comment_status":"closed","ping_status":"closed","template":"","meta":{"_acf_changed":false,"_sitemap_exclude":false,"_sitemap_priority":"","_sitemap_frequency":"","footnotes":""},"class_list":["post-10090","page","type-page","status-publish","hentry"],"acf":[],"yoast_head":"<!-- This site is optimized with the Yoast SEO Premium plugin v27.3 (Yoast SEO v27.3) - https:\/\/yoast.com\/product\/yoast-seo-premium-wordpress\/ -->\n<title>Contacto y soporte - ReachLink<\/title>\n<meta name=\"description\" content=\"P\u00f3ngase en contacto con ReachLink por tel\u00e9fono o correo electr\u00f3nico para comenzar su viaje hacia la salud mental. Nuestros coordinadores de atenci\u00f3n proporcionan soporte personalizado y verificaci\u00f3n de beneficios para conectarle r\u00e1pidamente con el terapeuta adecuado.\" \/>\n<meta name=\"robots\" content=\"index, follow, max-snippet:-1, max-image-preview:large, max-video-preview:-1\" \/>\n<link rel=\"canonical\" href=\"https:\/\/reachlink.com\/es\/contacto-y-soporte\/\" \/>\n<meta property=\"og:locale\" content=\"es_ES\" \/>\n<meta property=\"og:type\" content=\"article\" \/>\n<meta property=\"og:title\" content=\"P\u00f3ngase en contacto con ReachLink: obtenga apoyo para su viaje hacia el bienestar mental\" \/>\n<meta property=\"og:description\" content=\"P\u00f3ngase en contacto con ReachLink por tel\u00e9fono o correo electr\u00f3nico para comenzar su viaje hacia la salud mental. Nuestros coordinadores de atenci\u00f3n proporcionan soporte personalizado y verificaci\u00f3n de beneficios para conectarle r\u00e1pidamente con el terapeuta adecuado.\" \/>\n<meta property=\"og:url\" content=\"https:\/\/reachlink.com\/es\/contacto-y-soporte\/\" \/>\n<meta property=\"og:site_name\" content=\"ReachLink\" \/>\n<meta property=\"article:publisher\" content=\"https:\/\/www.facebook.com\/reachlinkusa\" \/>\n<meta property=\"og:image\" content=\"https:\/\/reachlink.com\/wp-content\/uploads\/2025\/02\/contact_support2.png\" \/>\n<meta name=\"twitter:card\" content=\"summary_large_image\" \/>\n<meta name=\"twitter:title\" content=\"P\u00f3ngase en contacto con ReachLink: obtenga apoyo para su viaje hacia el bienestar mental\" \/>\n<meta name=\"twitter:description\" content=\"P\u00f3ngase en contacto con ReachLink por tel\u00e9fono o correo electr\u00f3nico para comenzar su viaje hacia la salud mental. Nuestros coordinadores de atenci\u00f3n proporcionan soporte personalizado y verificaci\u00f3n de beneficios para conectarle r\u00e1pidamente con el terapeuta adecuado.\" \/>\n<meta name=\"twitter:site\" content=\"@reachlinkusa\" \/>\n<!-- \/ Yoast SEO Premium plugin. -->","yoast_head_json":{"title":"Contacto y soporte - ReachLink","description":"P\u00f3ngase en contacto con ReachLink por tel\u00e9fono o correo electr\u00f3nico para comenzar su viaje hacia la salud mental. Nuestros coordinadores de atenci\u00f3n proporcionan soporte personalizado y verificaci\u00f3n de beneficios para conectarle r\u00e1pidamente con el terapeuta adecuado.","robots":{"index":"index","follow":"follow","max-snippet":"max-snippet:-1","max-image-preview":"max-image-preview:large","max-video-preview":"max-video-preview:-1"},"canonical":"https:\/\/reachlink.com\/es\/contacto-y-soporte\/","og_locale":"es_ES","og_type":"article","og_title":"P\u00f3ngase en contacto con ReachLink: obtenga apoyo para su viaje hacia el bienestar mental","og_description":"P\u00f3ngase en contacto con ReachLink por tel\u00e9fono o correo electr\u00f3nico para comenzar su viaje hacia la salud mental. Nuestros coordinadores de atenci\u00f3n proporcionan soporte personalizado y verificaci\u00f3n de beneficios para conectarle r\u00e1pidamente con el terapeuta adecuado.","og_url":"https:\/\/reachlink.com\/es\/contacto-y-soporte\/","og_site_name":"ReachLink","article_publisher":"https:\/\/www.facebook.com\/reachlinkusa","og_image":[{"url":"https:\/\/reachlink.com\/wp-content\/uploads\/2025\/02\/contact_support2.png","type":"","width":"","height":""}],"twitter_card":"summary_large_image","twitter_title":"P\u00f3ngase en contacto con ReachLink: obtenga apoyo para su viaje hacia el bienestar mental","twitter_description":"P\u00f3ngase en contacto con ReachLink por tel\u00e9fono o correo electr\u00f3nico para comenzar su viaje hacia la salud mental. Nuestros coordinadores de atenci\u00f3n proporcionan soporte personalizado y verificaci\u00f3n de beneficios para conectarle r\u00e1pidamente con el terapeuta adecuado.","twitter_site":"@reachlinkusa","schema":{"@context":"https:\/\/schema.org","@graph":[{"@type":"WebPage","@id":"https:\/\/reachlink.com\/es\/contacto-y-soporte\/","url":"https:\/\/reachlink.com\/es\/contacto-y-soporte\/","name":"Contacto y soporte - ReachLink","isPartOf":{"@id":"https:\/\/reachlink.com\/es\/#website"},"datePublished":"2025-02-19T21:21:56+00:00","description":"P\u00f3ngase en contacto con ReachLink por tel\u00e9fono o correo electr\u00f3nico para comenzar su viaje hacia la salud mental. Nuestros coordinadores de atenci\u00f3n proporcionan soporte personalizado y verificaci\u00f3n de beneficios para conectarle r\u00e1pidamente con el terapeuta adecuado.","breadcrumb":{"@id":"https:\/\/reachlink.com\/es\/contacto-y-soporte\/#breadcrumb"},"inLanguage":"es","potentialAction":[{"@type":"ReadAction","target":["https:\/\/reachlink.com\/es\/contacto-y-soporte\/"]}]},{"@type":"BreadcrumbList","@id":"https:\/\/reachlink.com\/es\/contacto-y-soporte\/#breadcrumb","itemListElement":[{"@type":"ListItem","position":1,"name":"Home","item":"https:\/\/reachlink.com\/es\/"},{"@type":"ListItem","position":2,"name":"Contacto y soporte"}]},{"@type":"WebSite","@id":"https:\/\/reachlink.com\/es\/#website","url":"https:\/\/reachlink.com\/es\/","name":"ReachLink","description":"ReachLink is a behavioral health platform offering innovative and comprehensive mental health care designed to address individual needs, ensure access to the right support and track out comes accurately.","publisher":{"@id":"https:\/\/reachlink.com\/es\/#organization"},"potentialAction":[{"@type":"SearchAction","target":{"@type":"EntryPoint","urlTemplate":"https:\/\/reachlink.com\/es\/?s={search_term_string}"},"query-input":{"@type":"PropertyValueSpecification","valueRequired":true,"valueName":"search_term_string"}}],"inLanguage":"es"},{"@type":"Organization","@id":"https:\/\/reachlink.com\/es\/#organization","name":"ReachLink","url":"https:\/\/reachlink.com\/es\/","logo":{"@type":"ImageObject","inLanguage":"es","@id":"https:\/\/reachlink.com\/es\/#\/schema\/logo\/image\/","url":"https:\/\/reachlink.com\/wp-content\/uploads\/2025\/02\/RL_-2x-1920w-300x74-1.png","contentUrl":"https:\/\/reachlink.com\/wp-content\/uploads\/2025\/02\/RL_-2x-1920w-300x74-1.png","width":300,"height":74,"caption":"ReachLink"},"image":{"@id":"https:\/\/reachlink.com\/es\/#\/schema\/logo\/image\/"},"sameAs":["https:\/\/www.facebook.com\/reachlinkusa","https:\/\/x.com\/reachlinkusa","https:\/\/www.instagram.com\/reachlinkusa","https:\/\/www.linkedin.com\/company\/reachlinkusa\/"],"email":"hello@reachlink.com","telephone":"833-732-2489"}]}},"_links":{"self":[{"href":"https:\/\/reachlink.com\/es\/wp-json\/wp\/v2\/pages\/10090","targetHints":{"allow":["GET"]}}],"collection":[{"href":"https:\/\/reachlink.com\/es\/wp-json\/wp\/v2\/pages"}],"about":[{"href":"https:\/\/reachlink.com\/es\/wp-json\/wp\/v2\/types\/page"}],"author":[{"embeddable":true,"href":"https:\/\/reachlink.com\/es\/wp-json\/wp\/v2\/users\/2"}],"replies":[{"embeddable":true,"href":"https:\/\/reachlink.com\/es\/wp-json\/wp\/v2\/comments?post=10090"}],"version-history":[{"count":0,"href":"https:\/\/reachlink.com\/es\/wp-json\/wp\/v2\/pages\/10090\/revisions"}],"wp:attachment":[{"href":"https:\/\/reachlink.com\/es\/wp-json\/wp\/v2\/media?parent=10090"}],"curies":[{"name":"wp","href":"https:\/\/api.w.org\/{rel}","templated":true}]}}