{"id":10023,"date":"2025-01-12T00:07:05","date_gmt":"2025-01-12T05:07:05","guid":{"rendered":"https:\/\/reachlinkdev.wpenginepowered.com\/acerca-de\/"},"modified":"2026-02-17T07:40:24","modified_gmt":"2026-02-17T12:40:24","slug":"acerca-de","status":"publish","type":"page","link":"https:\/\/reachlink.com\/es\/acerca-de\/","title":{"rendered":"Acerca de"},"content":{"rendered":"","protected":false},"excerpt":{"rendered":"","protected":false},"author":2,"featured_media":0,"parent":0,"menu_order":0,"comment_status":"closed","ping_status":"closed","template":"","meta":{"_acf_changed":false,"_sitemap_exclude":false,"_sitemap_priority":"","_sitemap_frequency":"","footnotes":""},"class_list":["post-10023","page","type-page","status-publish","hentry"],"acf":[],"yoast_head":"<!-- This site is optimized with the Yoast SEO Premium plugin v27.3 (Yoast SEO v27.3) - https:\/\/yoast.com\/product\/yoast-seo-premium-wordpress\/ -->\n<title>Salud mental innovadora para ti.<\/title>\n<meta name=\"description\" content=\"ReachLink es una plataforma digital de salud mental que permite a los usuarios acceder a una atenci\u00f3n de salud conductual asequible y eficaz.\" \/>\n<meta name=\"robots\" content=\"index, follow, max-snippet:-1, max-image-preview:large, max-video-preview:-1\" \/>\n<link rel=\"canonical\" href=\"https:\/\/reachlink.com\/es\/acerca-de\/\" \/>\n<meta property=\"og:locale\" content=\"es_ES\" \/>\n<meta property=\"og:type\" content=\"article\" \/>\n<meta property=\"og:title\" content=\"Atenci\u00f3n de salud mental innovadora y accesible, dise\u00f1ada para usted\" \/>\n<meta property=\"og:description\" content=\"ReachLink es una plataforma digital de salud mental que permite a los usuarios acceder a una atenci\u00f3n de salud conductual asequible y eficaz.\" \/>\n<meta property=\"og:url\" content=\"https:\/\/reachlink.com\/es\/acerca-de\/\" \/>\n<meta property=\"og:site_name\" content=\"ReachLink\" \/>\n<meta property=\"article:publisher\" content=\"https:\/\/www.facebook.com\/reachlinkusa\" \/>\n<meta property=\"article:modified_time\" content=\"2026-02-17T12:40:24+00:00\" \/>\n<meta property=\"og:image\" content=\"https:\/\/reachlink.com\/wp-content\/uploads\/2025\/02\/AdobeStock_896626682-1-1.jpg\" \/>\n<meta name=\"twitter:card\" content=\"summary_large_image\" \/>\n<meta name=\"twitter:title\" content=\"Atenci\u00f3n de salud mental innovadora y accesible, dise\u00f1ada para usted\" \/>\n<meta name=\"twitter:description\" content=\"ReachLink es una plataforma digital de salud conductual fundada por James Farese, que ofrece terapia en l\u00ednea personalizada con especialistas licenciados. Hacemos que la atenci\u00f3n de la salud mental sea accesible, asequible y eficaz, combinando la tecnolog\u00eda con un apoyo compasivo y orientado a los resultados.\" \/>\n<meta name=\"twitter:site\" content=\"@reachlinkusa\" \/>\n<!-- \/ Yoast SEO Premium plugin. -->","yoast_head_json":{"title":"Salud mental innovadora para ti.","description":"ReachLink es una plataforma digital de salud mental que permite a los usuarios acceder a una atenci\u00f3n de salud conductual asequible y eficaz.","robots":{"index":"index","follow":"follow","max-snippet":"max-snippet:-1","max-image-preview":"max-image-preview:large","max-video-preview":"max-video-preview:-1"},"canonical":"https:\/\/reachlink.com\/es\/acerca-de\/","og_locale":"es_ES","og_type":"article","og_title":"Atenci\u00f3n de salud mental innovadora y accesible, dise\u00f1ada para usted","og_description":"ReachLink es una plataforma digital de salud mental que permite a los usuarios acceder a una atenci\u00f3n de salud conductual asequible y eficaz.","og_url":"https:\/\/reachlink.com\/es\/acerca-de\/","og_site_name":"ReachLink","article_publisher":"https:\/\/www.facebook.com\/reachlinkusa","article_modified_time":"2026-02-17T12:40:24+00:00","og_image":[{"url":"https:\/\/reachlink.com\/wp-content\/uploads\/2025\/02\/AdobeStock_896626682-1-1.jpg","type":"","width":"","height":""}],"twitter_card":"summary_large_image","twitter_title":"Atenci\u00f3n de salud mental innovadora y accesible, dise\u00f1ada para usted","twitter_description":"ReachLink es una plataforma digital de salud conductual fundada por James Farese, que ofrece terapia en l\u00ednea personalizada con especialistas licenciados. Hacemos que la atenci\u00f3n de la salud mental sea accesible, asequible y eficaz, combinando la tecnolog\u00eda con un apoyo compasivo y orientado a los resultados.","twitter_site":"@reachlinkusa","schema":{"@context":"https:\/\/schema.org","@graph":[{"@type":"WebPage","@id":"https:\/\/reachlink.com\/es\/acerca-de\/","url":"https:\/\/reachlink.com\/es\/acerca-de\/","name":"Salud mental innovadora para ti.","isPartOf":{"@id":"https:\/\/reachlink.com\/es\/#website"},"datePublished":"2025-01-12T05:07:05+00:00","dateModified":"2026-02-17T12:40:24+00:00","description":"ReachLink es una plataforma digital de salud mental que permite a los usuarios acceder a una atenci\u00f3n de salud conductual asequible y eficaz.","breadcrumb":{"@id":"https:\/\/reachlink.com\/es\/acerca-de\/#breadcrumb"},"inLanguage":"es","potentialAction":[{"@type":"ReadAction","target":["https:\/\/reachlink.com\/es\/acerca-de\/"]}]},{"@type":"BreadcrumbList","@id":"https:\/\/reachlink.com\/es\/acerca-de\/#breadcrumb","itemListElement":[{"@type":"ListItem","position":1,"name":"Home","item":"https:\/\/reachlink.com\/es\/"},{"@type":"ListItem","position":2,"name":"Acerca de"}]},{"@type":"WebSite","@id":"https:\/\/reachlink.com\/es\/#website","url":"https:\/\/reachlink.com\/es\/","name":"ReachLink","description":"ReachLink is a behavioral health platform offering innovative and comprehensive mental health care designed to address individual needs, ensure access to the right support and track out comes accurately.","publisher":{"@id":"https:\/\/reachlink.com\/es\/#organization"},"potentialAction":[{"@type":"SearchAction","target":{"@type":"EntryPoint","urlTemplate":"https:\/\/reachlink.com\/es\/?s={search_term_string}"},"query-input":{"@type":"PropertyValueSpecification","valueRequired":true,"valueName":"search_term_string"}}],"inLanguage":"es"},{"@type":"Organization","@id":"https:\/\/reachlink.com\/es\/#organization","name":"ReachLink","url":"https:\/\/reachlink.com\/es\/","logo":{"@type":"ImageObject","inLanguage":"es","@id":"https:\/\/reachlink.com\/es\/#\/schema\/logo\/image\/","url":"https:\/\/reachlink.com\/wp-content\/uploads\/2025\/02\/RL_-2x-1920w-300x74-1.png","contentUrl":"https:\/\/reachlink.com\/wp-content\/uploads\/2025\/02\/RL_-2x-1920w-300x74-1.png","width":300,"height":74,"caption":"ReachLink"},"image":{"@id":"https:\/\/reachlink.com\/es\/#\/schema\/logo\/image\/"},"sameAs":["https:\/\/www.facebook.com\/reachlinkusa","https:\/\/x.com\/reachlinkusa","https:\/\/www.instagram.com\/reachlinkusa","https:\/\/www.linkedin.com\/company\/reachlinkusa\/"],"email":"hello@reachlink.com","telephone":"833-732-2489"}]}},"_links":{"self":[{"href":"https:\/\/reachlink.com\/es\/wp-json\/wp\/v2\/pages\/10023","targetHints":{"allow":["GET"]}}],"collection":[{"href":"https:\/\/reachlink.com\/es\/wp-json\/wp\/v2\/pages"}],"about":[{"href":"https:\/\/reachlink.com\/es\/wp-json\/wp\/v2\/types\/page"}],"author":[{"embeddable":true,"href":"https:\/\/reachlink.com\/es\/wp-json\/wp\/v2\/users\/2"}],"replies":[{"embeddable":true,"href":"https:\/\/reachlink.com\/es\/wp-json\/wp\/v2\/comments?post=10023"}],"version-history":[{"count":0,"href":"https:\/\/reachlink.com\/es\/wp-json\/wp\/v2\/pages\/10023\/revisions"}],"wp:attachment":[{"href":"https:\/\/reachlink.com\/es\/wp-json\/wp\/v2\/media?parent=10023"}],"curies":[{"name":"wp","href":"https:\/\/api.w.org\/{rel}","templated":true}]}}